{"id":16,"date":"2023-05-30T06:06:29","date_gmt":"2023-05-30T06:06:29","guid":{"rendered":"https:\/\/shocked.ghd.com\/fr\/?page_id=16"},"modified":"2023-07-25T23:29:54","modified_gmt":"2023-07-25T23:29:54","slug":"home","status":"publish","type":"page","link":"https:\/\/shocked.ghd.com\/fr\/","title":{"rendered":"Accueil"},"content":{"rendered":"","protected":false},"excerpt":{"rendered":"","protected":false},"author":3,"featured_media":0,"parent":0,"menu_order":0,"comment_status":"closed","ping_status":"closed","template":"templates\/template-builder.php","meta":{"_acf_changed":false,"footnotes":""},"class_list":["post-16","page","type-page","status-publish","hentry"],"acf":[],"yoast_head":"<!-- This site is optimized with the Yoast SEO plugin v27.4 - https:\/\/yoast.com\/product\/yoast-seo-wordpress\/ -->\n<title>Accueil - GHD - Shocked FR<\/title>\n<meta name=\"robots\" content=\"index, follow, max-snippet:-1, max-image-preview:large, max-video-preview:-1\" \/>\n<link rel=\"canonical\" href=\"https:\/\/shocked.ghd.com\/fr\/\" \/>\n<meta property=\"og:locale\" content=\"en_US\" \/>\n<meta property=\"og:type\" content=\"article\" \/>\n<meta property=\"og:title\" content=\"GHD - SHOCKED\" \/>\n<meta property=\"og:description\" content=\"Att\u00e9nuer les risques associ\u00e9s \u00e0 la transition \u00e9nerg\u00e9tique dans un contexte de profonde incertitude\" \/>\n<meta property=\"og:url\" content=\"https:\/\/shocked.ghd.com\/fr\/\" \/>\n<meta property=\"og:site_name\" content=\"GHD - Shocked FR\" \/>\n<meta property=\"article:modified_time\" content=\"2023-07-25T23:29:54+00:00\" \/>\n<meta property=\"og:image\" content=\"https:\/\/shocked.ghd.com\/wp-content\/uploads\/sites\/2\/2023\/06\/GHD_SHOCKED_FR_Preview.jpg\" \/>\n\t<meta property=\"og:image:width\" content=\"1920\" \/>\n\t<meta property=\"og:image:height\" content=\"1080\" \/>\n\t<meta property=\"og:image:type\" content=\"image\/jpeg\" \/>\n<meta name=\"twitter:card\" content=\"summary_large_image\" \/>\n<script type=\"application\/ld+json\" class=\"yoast-schema-graph\">{\"@context\":\"https:\\\/\\\/schema.org\",\"@graph\":[{\"@type\":\"WebPage\",\"@id\":\"https:\\\/\\\/shocked.ghd.com\\\/fr\\\/\",\"url\":\"https:\\\/\\\/shocked.ghd.com\\\/fr\\\/\",\"name\":\"Accueil - GHD - Shocked FR\",\"isPartOf\":{\"@id\":\"https:\\\/\\\/shocked.ghd.com\\\/fr\\\/#website\"},\"datePublished\":\"2023-05-30T06:06:29+00:00\",\"dateModified\":\"2023-07-25T23:29:54+00:00\",\"breadcrumb\":{\"@id\":\"https:\\\/\\\/shocked.ghd.com\\\/fr\\\/#breadcrumb\"},\"inLanguage\":\"en-AU\",\"potentialAction\":[{\"@type\":\"ReadAction\",\"target\":[\"https:\\\/\\\/shocked.ghd.com\\\/fr\\\/\"]}]},{\"@type\":\"BreadcrumbList\",\"@id\":\"https:\\\/\\\/shocked.ghd.com\\\/fr\\\/#breadcrumb\",\"itemListElement\":[{\"@type\":\"ListItem\",\"position\":1,\"name\":\"Home\",\"item\":\"https:\\\/\\\/shocked.ghd.com\\\/fr\\\/\"},{\"@type\":\"ListItem\",\"position\":2,\"name\":\"Accueil\"}]},{\"@type\":\"WebSite\",\"@id\":\"https:\\\/\\\/shocked.ghd.com\\\/fr\\\/#website\",\"url\":\"https:\\\/\\\/shocked.ghd.com\\\/fr\\\/\",\"name\":\"GHD - Shocked FR\",\"description\":\"GHD - De-risking the energy transition in an era of profound uncertainty. Shocked.\",\"potentialAction\":[{\"@type\":\"SearchAction\",\"target\":{\"@type\":\"EntryPoint\",\"urlTemplate\":\"https:\\\/\\\/shocked.ghd.com\\\/fr\\\/?s={search_term_string}\"},\"query-input\":{\"@type\":\"PropertyValueSpecification\",\"valueRequired\":true,\"valueName\":\"search_term_string\"}}],\"inLanguage\":\"en-AU\"}]}<\/script>\n<!-- \/ Yoast SEO plugin. -->","yoast_head_json":{"title":"Accueil - GHD - Shocked FR","robots":{"index":"index","follow":"follow","max-snippet":"max-snippet:-1","max-image-preview":"max-image-preview:large","max-video-preview":"max-video-preview:-1"},"canonical":"https:\/\/shocked.ghd.com\/fr\/","og_locale":"en_US","og_type":"article","og_title":"GHD - SHOCKED","og_description":"Att\u00e9nuer les risques associ\u00e9s \u00e0 la transition \u00e9nerg\u00e9tique dans un contexte de profonde incertitude","og_url":"https:\/\/shocked.ghd.com\/fr\/","og_site_name":"GHD - Shocked FR","article_modified_time":"2023-07-25T23:29:54+00:00","og_image":[{"width":1920,"height":1080,"url":"https:\/\/shocked.ghd.com\/wp-content\/uploads\/sites\/2\/2023\/06\/GHD_SHOCKED_FR_Preview.jpg","type":"image\/jpeg"}],"twitter_card":"summary_large_image","schema":{"@context":"https:\/\/schema.org","@graph":[{"@type":"WebPage","@id":"https:\/\/shocked.ghd.com\/fr\/","url":"https:\/\/shocked.ghd.com\/fr\/","name":"Accueil - GHD - Shocked FR","isPartOf":{"@id":"https:\/\/shocked.ghd.com\/fr\/#website"},"datePublished":"2023-05-30T06:06:29+00:00","dateModified":"2023-07-25T23:29:54+00:00","breadcrumb":{"@id":"https:\/\/shocked.ghd.com\/fr\/#breadcrumb"},"inLanguage":"en-AU","potentialAction":[{"@type":"ReadAction","target":["https:\/\/shocked.ghd.com\/fr\/"]}]},{"@type":"BreadcrumbList","@id":"https:\/\/shocked.ghd.com\/fr\/#breadcrumb","itemListElement":[{"@type":"ListItem","position":1,"name":"Home","item":"https:\/\/shocked.ghd.com\/fr\/"},{"@type":"ListItem","position":2,"name":"Accueil"}]},{"@type":"WebSite","@id":"https:\/\/shocked.ghd.com\/fr\/#website","url":"https:\/\/shocked.ghd.com\/fr\/","name":"GHD - Shocked FR","description":"GHD - De-risking the energy transition in an era of profound uncertainty. Shocked.","potentialAction":[{"@type":"SearchAction","target":{"@type":"EntryPoint","urlTemplate":"https:\/\/shocked.ghd.com\/fr\/?s={search_term_string}"},"query-input":{"@type":"PropertyValueSpecification","valueRequired":true,"valueName":"search_term_string"}}],"inLanguage":"en-AU"}]}},"_links":{"self":[{"href":"https:\/\/shocked.ghd.com\/fr\/wp-json\/wp\/v2\/pages\/16","targetHints":{"allow":["GET"]}}],"collection":[{"href":"https:\/\/shocked.ghd.com\/fr\/wp-json\/wp\/v2\/pages"}],"about":[{"href":"https:\/\/shocked.ghd.com\/fr\/wp-json\/wp\/v2\/types\/page"}],"author":[{"embeddable":true,"href":"https:\/\/shocked.ghd.com\/fr\/wp-json\/wp\/v2\/users\/3"}],"replies":[{"embeddable":true,"href":"https:\/\/shocked.ghd.com\/fr\/wp-json\/wp\/v2\/comments?post=16"}],"version-history":[{"count":23,"href":"https:\/\/shocked.ghd.com\/fr\/wp-json\/wp\/v2\/pages\/16\/revisions"}],"predecessor-version":[{"id":148,"href":"https:\/\/shocked.ghd.com\/fr\/wp-json\/wp\/v2\/pages\/16\/revisions\/148"}],"wp:attachment":[{"href":"https:\/\/shocked.ghd.com\/fr\/wp-json\/wp\/v2\/media?parent=16"}],"curies":[{"name":"wp","href":"https:\/\/api.w.org\/{rel}","templated":true}]}}